{"id":7358,"date":"2025-05-20T20:47:56","date_gmt":"2025-05-20T20:47:56","guid":{"rendered":"https:\/\/allchurchmerch.com\/my-online-church-merch\/?post_type=product&#038;p=7358"},"modified":"2025-09-20T20:52:53","modified_gmt":"2025-09-20T20:52:53","slug":"grandir-avec-dieu","status":"publish","type":"product","link":"https:\/\/allchurchmerch.com\/my-online-church-merch\/product\/grandir-avec-dieu\/","title":{"rendered":"Grandir avec Dieu"},"content":{"rendered":"<p data-start=\"1402\" data-end=\"1746\"><em data-start=\"1443\" data-end=\"1462\">Grandir avec Dieu<\/em> est un d\u00e9votionnel magnifiquement con\u00e7u pour les enfants, rempli de v\u00e9rit\u00e9s simples, de versets bibliques et d\u2019encouragements quotidiens adapt\u00e9s \u00e0 leur \u00e2ge. Chaque page est une occasion de d\u00e9couvrir l\u2019amour, la fid\u00e9lit\u00e9 et la puissance de Dieu d\u2019une mani\u00e8re accessible et captivante.<\/p>\n<p data-start=\"1748\" data-end=\"2107\">Disponible en <strong data-start=\"1762\" data-end=\"1781\">version broch\u00e9e<\/strong> ou en <strong data-start=\"1788\" data-end=\"1803\">livre audio<\/strong>, ce livre est id\u00e9al pour les moments en famille, avant de dormir ou pour des temps calmes personnels.<\/p>\n<p data-start=\"1748\" data-end=\"2107\">Chaque achat soutient <em data-start=\"1930\" data-end=\"1951\">Mon \u00c9glise en Ligne<\/em> et sa mission de diffuser la Parole de Dieu aupr\u00e8s des familles partout dans le monde.<\/p>\n<p data-start=\"1748\" data-end=\"2107\">Encouragez la foi des plus jeunes \u2014 un jour, une v\u00e9rit\u00e9 \u00e0 la fois.<\/p>\n","protected":false},"excerpt":{"rendered":"<p data-start=\"698\" data-end=\"795\"><em>Grandir avec Dieu<\/em> \u2013 Un d\u00e9votionnel joyeux et inspirant pour aider les enfants \u00e0 se rapprocher de Dieu, jour apr\u00e8s jour.<\/p>\n","protected":false},"featured_media":7363,"comment_status":"open","ping_status":"closed","template":"","meta":[],"product_brand":[],"product_cat":[65,66],"product_tag":[],"class_list":{"0":"post-7358","1":"product","2":"type-product","3":"status-publish","4":"has-post-thumbnail","6":"product_cat-books-audiobooks","7":"product_cat-french","9":"first","10":"instock","11":"shipping-taxable","12":"purchasable","13":"product-type-variable"},"_links":{"self":[{"href":"https:\/\/allchurchmerch.com\/my-online-church-merch\/wp-json\/wp\/v2\/product\/7358","targetHints":{"allow":["GET"]}}],"collection":[{"href":"https:\/\/allchurchmerch.com\/my-online-church-merch\/wp-json\/wp\/v2\/product"}],"about":[{"href":"https:\/\/allchurchmerch.com\/my-online-church-merch\/wp-json\/wp\/v2\/types\/product"}],"replies":[{"embeddable":true,"href":"https:\/\/allchurchmerch.com\/my-online-church-merch\/wp-json\/wp\/v2\/comments?post=7358"}],"wp:featuredmedia":[{"embeddable":true,"href":"https:\/\/allchurchmerch.com\/my-online-church-merch\/wp-json\/wp\/v2\/media\/7363"}],"wp:attachment":[{"href":"https:\/\/allchurchmerch.com\/my-online-church-merch\/wp-json\/wp\/v2\/media?parent=7358"}],"wp:term":[{"taxonomy":"product_brand","embeddable":true,"href":"https:\/\/allchurchmerch.com\/my-online-church-merch\/wp-json\/wp\/v2\/product_brand?post=7358"},{"taxonomy":"product_cat","embeddable":true,"href":"https:\/\/allchurchmerch.com\/my-online-church-merch\/wp-json\/wp\/v2\/product_cat?post=7358"},{"taxonomy":"product_tag","embeddable":true,"href":"https:\/\/allchurchmerch.com\/my-online-church-merch\/wp-json\/wp\/v2\/product_tag?post=7358"}],"curies":[{"name":"wp","href":"https:\/\/api.w.org\/{rel}","templated":true}]}}