{"id":7351,"date":"2025-07-20T07:48:50","date_gmt":"2025-07-20T07:48:50","guid":{"rendered":"https:\/\/allchurchmerch.com\/my-online-church-merch\/?post_type=product&#038;p=7351"},"modified":"2025-09-20T07:50:59","modified_gmt":"2025-09-20T07:50:59","slug":"1-an-devotionnel","status":"publish","type":"product","link":"https:\/\/allchurchmerch.com\/my-online-church-merch\/product\/1-an-devotionnel\/","title":{"rendered":"1 An D\u00e9votionnel"},"content":{"rendered":"<p data-start=\"254\" data-end=\"661\">Ce <em data-start=\"1257\" data-end=\"1275\">1 An D\u00e9votionnel<\/em> est un compagnon spirituel con\u00e7u pour vous rapprocher de Dieu chaque jour. \u00c0 travers des versets, des pri\u00e8res guid\u00e9es et des moments de r\u00e9flexion, vous vivrez une ann\u00e9e de croissance, d\u2019esp\u00e9rance et de renouvellement int\u00e9rieur.<\/p>\n<p data-start=\"254\" data-end=\"661\"><br data-start=\"1503\" data-end=\"1506\" \/>Disponible en <strong data-start=\"1520\" data-end=\"1539\">version broch\u00e9e<\/strong> ou en <strong data-start=\"1546\" data-end=\"1561\">livre audio<\/strong>, chaque achat soutient la mission de <em data-start=\"1599\" data-end=\"1620\">Mon \u00c9glise en Ligne<\/em> \u2014 pour semer la Parole de Dieu dans le c\u0153ur de chacun, partout dans le monde.<br data-start=\"1698\" data-end=\"1701\" \/>Lisez chaque jour. Grandissez dans la foi. Participez \u00e0 l\u2019\u0153uvre du Royaume.<\/p>\n","protected":false},"excerpt":{"rendered":"<p>1 An D\u00e9votionnel \u2013 Une ann\u00e9e compl\u00e8te de m\u00e9ditations quotidiennes pour fortifier votre foi et soutenir votre \u00e9glise.<\/p>\n<p data-start=\"1213\" data-end=\"1776\">\n<p data-start=\"457\" data-end=\"970\">\n","protected":false},"featured_media":7349,"comment_status":"open","ping_status":"closed","template":"","meta":[],"product_brand":[],"product_cat":[65,66],"product_tag":[],"class_list":{"0":"post-7351","1":"product","2":"type-product","3":"status-publish","4":"has-post-thumbnail","6":"product_cat-books-audiobooks","7":"product_cat-french","9":"first","10":"instock","11":"shipping-taxable","12":"purchasable","13":"product-type-variable"},"_links":{"self":[{"href":"https:\/\/allchurchmerch.com\/my-online-church-merch\/wp-json\/wp\/v2\/product\/7351","targetHints":{"allow":["GET"]}}],"collection":[{"href":"https:\/\/allchurchmerch.com\/my-online-church-merch\/wp-json\/wp\/v2\/product"}],"about":[{"href":"https:\/\/allchurchmerch.com\/my-online-church-merch\/wp-json\/wp\/v2\/types\/product"}],"replies":[{"embeddable":true,"href":"https:\/\/allchurchmerch.com\/my-online-church-merch\/wp-json\/wp\/v2\/comments?post=7351"}],"wp:featuredmedia":[{"embeddable":true,"href":"https:\/\/allchurchmerch.com\/my-online-church-merch\/wp-json\/wp\/v2\/media\/7349"}],"wp:attachment":[{"href":"https:\/\/allchurchmerch.com\/my-online-church-merch\/wp-json\/wp\/v2\/media?parent=7351"}],"wp:term":[{"taxonomy":"product_brand","embeddable":true,"href":"https:\/\/allchurchmerch.com\/my-online-church-merch\/wp-json\/wp\/v2\/product_brand?post=7351"},{"taxonomy":"product_cat","embeddable":true,"href":"https:\/\/allchurchmerch.com\/my-online-church-merch\/wp-json\/wp\/v2\/product_cat?post=7351"},{"taxonomy":"product_tag","embeddable":true,"href":"https:\/\/allchurchmerch.com\/my-online-church-merch\/wp-json\/wp\/v2\/product_tag?post=7351"}],"curies":[{"name":"wp","href":"https:\/\/api.w.org\/{rel}","templated":true}]}}