{"id":7328,"date":"2025-12-14T07:18:14","date_gmt":"2025-12-14T12:18:14","guid":{"rendered":"https:\/\/allchurchmerch.com\/acvmontreal\/?post_type=product&#038;p=7328"},"modified":"2025-12-14T17:57:41","modified_gmt":"2025-12-14T22:57:41","slug":"le-coeur-des-rois-un-appel-a-la-transformation-interieure","status":"publish","type":"product","link":"https:\/\/allchurchmerch.com\/acvmontreal\/produit\/le-coeur-des-rois-un-appel-a-la-transformation-interieure\/","title":{"rendered":"Le C\u0153ur des Rois &#8211; Un appel \u00e0 la transformation int\u00e9rieure"},"content":{"rendered":"<p data-start=\"161\" data-end=\"408\"><strong>Le C\u0153ur des Rois<\/strong> &#8211; Un appel \u00e0 la transformation int\u00e9rieure vous invite \u00e0 un voyage int\u00e9rieur profond, l\u00e0 o\u00f9 Dieu fa\u00e7onne l\u2019homme avant de l\u2019\u00e9tablir. Inspir\u00e9 d\u2019une s\u00e9rie de messages spirituels, ce livre appelle \u00e0 la transformation du c\u0153ur, \u00e0 la cons\u00e9cration et au renouveau int\u00e9rieur.<\/p>\n<p data-start=\"415\" data-end=\"722\">En version num\u00e9rique, ce livre soutient la mission de l\u2019Assembl\u00e9e Couronne du Vainqueur en contribuant \u00e0 l\u2019enseignement, \u00e0 la formation spirituelle et \u00e0 l\u2019\u00e9dification d\u2019une communaut\u00e9 de foi engag\u00e9e. Chaque lecture participe \u00e0 l\u2019expansion du Royaume et \u00e0 la diffusion d\u2019un message qui transforme des vies.<\/p>\n<p data-start=\"729\" data-end=\"813\">Merci de faire partie de ce mouvement de croissance spirituelle et d\u2019impact \u00e9ternel.<\/p>\n","protected":false},"excerpt":{"rendered":"<p>Un appel \u00e0 laisser Dieu transformer le c\u0153ur avant d\u2019\u00e9tablir le r\u00e8gne.<\/p>\n","protected":false},"featured_media":7511,"template":"","meta":[],"product_brand":[],"product_cat":[66,65],"product_tag":[],"class_list":{"0":"post-7328","1":"product","2":"type-product","3":"status-publish","4":"has-post-thumbnail","6":"product_cat-francais","7":"product_cat-livres-et-audiobooks","9":"first","10":"instock","11":"shipping-taxable","12":"purchasable","13":"product-type-variable"},"_links":{"self":[{"href":"https:\/\/allchurchmerch.com\/acvmontreal\/wp-json\/wp\/v2\/product\/7328","targetHints":{"allow":["GET"]}}],"collection":[{"href":"https:\/\/allchurchmerch.com\/acvmontreal\/wp-json\/wp\/v2\/product"}],"about":[{"href":"https:\/\/allchurchmerch.com\/acvmontreal\/wp-json\/wp\/v2\/types\/product"}],"wp:featuredmedia":[{"embeddable":true,"href":"https:\/\/allchurchmerch.com\/acvmontreal\/wp-json\/wp\/v2\/media\/7511"}],"wp:attachment":[{"href":"https:\/\/allchurchmerch.com\/acvmontreal\/wp-json\/wp\/v2\/media?parent=7328"}],"wp:term":[{"taxonomy":"product_brand","embeddable":true,"href":"https:\/\/allchurchmerch.com\/acvmontreal\/wp-json\/wp\/v2\/product_brand?post=7328"},{"taxonomy":"product_cat","embeddable":true,"href":"https:\/\/allchurchmerch.com\/acvmontreal\/wp-json\/wp\/v2\/product_cat?post=7328"},{"taxonomy":"product_tag","embeddable":true,"href":"https:\/\/allchurchmerch.com\/acvmontreal\/wp-json\/wp\/v2\/product_tag?post=7328"}],"curies":[{"name":"wp","href":"https:\/\/api.w.org\/{rel}","templated":true}]}}