{"id":7262,"date":"2025-09-06T00:51:47","date_gmt":"2025-09-06T00:51:47","guid":{"rendered":"https:\/\/allchurchmerch.com\/acvmontreal\/?post_type=product&#038;p=7262"},"modified":"2025-12-10T02:12:52","modified_gmt":"2025-12-10T07:12:52","slug":"colorful-ceramic-mug","status":"publish","type":"product","link":"https:\/\/allchurchmerch.com\/acvmontreal\/produit\/colorful-ceramic-mug\/","title":{"rendered":"Tasse color\u00e9e en c\u00e9ramique"},"content":{"rendered":"<p data-start=\"345\" data-end=\"688\">Ajoutez de la couleur et de l\u2019inspiration \u00e0 votre quotidien avec nos tasses color\u00e9es personnalis\u00e9es. Arborant le logo de l\u2019\u00e9glise, ces tasses sont bien plus que des contenants pour boissons \u2014 elles vous permettent de savourer vos boissons pr\u00e9f\u00e9r\u00e9es tout en soutenant la mission. Avec plusieurs accents de couleur et deux tailles au choix, elles constituent le cadeau parfait pour vous-m\u00eame, votre famille ou vos amis.<\/p>\n<p data-start=\"345\" data-end=\"688\">Chaque gorg\u00e9e rappelle la foi et la communion, transformant un moment quotidien en un moyen de soutenir la mission de notre \u00e9glise.<\/p>\n<p data-start=\"690\" data-end=\"713\"><strong data-start=\"690\" data-end=\"711\">Caract\u00e9ristiques du produit :<\/strong><\/p>\n<ul data-start=\"714\" data-end=\"1132\">\n<li data-start=\"714\" data-end=\"751\">\n<p data-start=\"716\" data-end=\"751\"><strong data-start=\"716\" data-end=\"729\">Mat\u00e9riau :<\/strong> c\u00e9ramique brillante \u00e0 100 %<\/p>\n<\/li>\n<li data-start=\"752\" data-end=\"808\">\n<p data-start=\"754\" data-end=\"808\"><strong data-start=\"754\" data-end=\"774\">Tailles disponibles :<\/strong> 11 oz (0,33 l) et 15 oz (0,44 l)<\/p>\n<\/li>\n<li data-start=\"809\" data-end=\"864\">\n<p data-start=\"811\" data-end=\"864\"><strong data-start=\"811\" data-end=\"838\">12 options de couleur<\/strong> pour la poign\u00e9e et l\u2019int\u00e9rieur<\/p>\n<\/li>\n<li data-start=\"865\" data-end=\"910\">\n<p data-start=\"867\" data-end=\"910\"><strong data-start=\"867\" data-end=\"896\">Poign\u00e9e en C ergonomique<\/strong> pour le confort<\/p>\n<\/li>\n<li data-start=\"911\" data-end=\"981\">\n<p data-start=\"913\" data-end=\"981\"><strong data-start=\"913\" data-end=\"943\">Impression vive et nette<\/strong> avec transfert d\u2019illustrations haute fid\u00e9lit\u00e9<\/p>\n<\/li>\n<li data-start=\"982\" data-end=\"1069\">\n<p data-start=\"984\" data-end=\"1069\"><strong data-start=\"984\" data-end=\"1000\">Rev\u00eatement ORCA<\/strong> pour des couleurs \u00e9clatantes et une qualit\u00e9 durable (logo ORCA au fond)<\/p>\n<\/li>\n<li data-start=\"1070\" data-end=\"1132\">\n<p data-start=\"1072\" data-end=\"1132\"><strong data-start=\"1072\" data-end=\"1105\">Compatible lave-vaisselle et micro-ondes<\/strong> pour plus de commodit\u00e9 au quotidien<\/p>\n<\/li>\n<\/ul>\n<p data-start=\"1134\" data-end=\"1158\"><strong data-start=\"1134\" data-end=\"1156\">Instructions d\u2019entretien :<\/strong><\/p>\n<ul data-start=\"1159\" data-end=\"1250\">\n<li data-start=\"1159\" data-end=\"1200\">\n<p data-start=\"1161\" data-end=\"1200\">Compatible lave-vaisselle et micro-ondes<\/p>\n<\/li>\n<li data-start=\"1201\" data-end=\"1250\">\n<p data-start=\"1203\" data-end=\"1250\">Ou laver \u00e0 la main avec de l\u2019eau ti\u00e8de et du savon \u00e0 vaisselle<\/p>\n<\/li>\n<\/ul>\n<p data-start=\"1252\" data-end=\"1269\"><strong data-start=\"1252\" data-end=\"1267\">Guide des tailles :<\/strong><\/p>\n<ul data-start=\"1270\" data-end=\"1404\">\n<li data-start=\"1270\" data-end=\"1336\">\n<p data-start=\"1272\" data-end=\"1336\"><em data-start=\"1272\" data-end=\"1282\">Tasse 11 oz<\/em> : Hauteur 9,4 cm, Diam\u00e8tre 8,1 cm<\/p>\n<\/li>\n<li data-start=\"1337\" data-end=\"1404\">\n<p data-start=\"1339\" data-end=\"1404\"><em data-start=\"1339\" data-end=\"1349\">Tasse 15 oz<\/em> : Hauteur 11,7 cm, Diam\u00e8tre 8,3 cm<\/p>\n<\/li>\n<\/ul>\n<p data-start=\"1406\" data-end=\"1527\">\n","protected":false},"excerpt":{"rendered":"<p>Illuminez votre journ\u00e9e avec foi. Ces tasses en c\u00e9ramique color\u00e9es avec le logo de notre \u00e9glise apportent joie, durabilit\u00e9 et sens \u00e0 chaque gorg\u00e9e.<\/p>\n","protected":false},"featured_media":7498,"template":"","meta":[],"product_brand":[],"product_cat":[52,62],"product_tag":[],"class_list":{"0":"post-7262","1":"product","2":"type-product","3":"status-publish","4":"has-post-thumbnail","6":"product_cat-foyer-vie","7":"product_cat-tasses","9":"first","10":"instock","11":"shipping-taxable","12":"purchasable","13":"product-type-simple"},"_links":{"self":[{"href":"https:\/\/allchurchmerch.com\/acvmontreal\/wp-json\/wp\/v2\/product\/7262","targetHints":{"allow":["GET"]}}],"collection":[{"href":"https:\/\/allchurchmerch.com\/acvmontreal\/wp-json\/wp\/v2\/product"}],"about":[{"href":"https:\/\/allchurchmerch.com\/acvmontreal\/wp-json\/wp\/v2\/types\/product"}],"wp:featuredmedia":[{"embeddable":true,"href":"https:\/\/allchurchmerch.com\/acvmontreal\/wp-json\/wp\/v2\/media\/7498"}],"wp:attachment":[{"href":"https:\/\/allchurchmerch.com\/acvmontreal\/wp-json\/wp\/v2\/media?parent=7262"}],"wp:term":[{"taxonomy":"product_brand","embeddable":true,"href":"https:\/\/allchurchmerch.com\/acvmontreal\/wp-json\/wp\/v2\/product_brand?post=7262"},{"taxonomy":"product_cat","embeddable":true,"href":"https:\/\/allchurchmerch.com\/acvmontreal\/wp-json\/wp\/v2\/product_cat?post=7262"},{"taxonomy":"product_tag","embeddable":true,"href":"https:\/\/allchurchmerch.com\/acvmontreal\/wp-json\/wp\/v2\/product_tag?post=7262"}],"curies":[{"name":"wp","href":"https:\/\/api.w.org\/{rel}","templated":true}]}}