{"id":7244,"date":"2025-09-06T00:39:46","date_gmt":"2025-09-06T00:39:46","guid":{"rendered":"https:\/\/allchurchmerch.com\/acvmontreal\/?post_type=product&#038;p=7244"},"modified":"2025-12-10T02:12:38","modified_gmt":"2025-12-10T07:12:38","slug":"mens-re-fleece-full-zip-hoodie","status":"publish","type":"product","link":"https:\/\/allchurchmerch.com\/acvmontreal\/produit\/mens-re-fleece-full-zip-hoodie\/","title":{"rendered":"Chandail \u00e0 capuche zipp\u00e9 int\u00e9gral Re-Fleece\u2122 pour hommes"},"content":{"rendered":"<p data-start=\"362\" data-end=\"690\">Montrez votre soutien au minist\u00e8re avec notre chandail \u00e0 capuche zipp\u00e9 int\u00e9gral Re-Fleece\u2122 pour hommes, personnalis\u00e9 avec le logo de l\u2019\u00e9glise. Ce chandail allie confort, durabilit\u00e9 et style au quotidien. Que vous soyez \u00e0 l\u2019\u00e9glise, \u00e0 la maison ou dans la communaut\u00e9, c\u2019est un moyen pratique de garder votre foi proche tout en soutenant notre mission.<\/p>\n<p data-start=\"692\" data-end=\"715\"><strong data-start=\"692\" data-end=\"713\">Caract\u00e9ristiques du produit :<\/strong><\/p>\n<ul data-start=\"716\" data-end=\"1047\">\n<li data-start=\"716\" data-end=\"792\">\n<p data-start=\"718\" data-end=\"792\"><strong data-start=\"718\" data-end=\"765\">60 % coton recycl\u00e9, 40 % polyester recycl\u00e9<\/strong> pour un confort \u00e9cologique<\/p>\n<\/li>\n<li data-start=\"793\" data-end=\"869\">\n<p data-start=\"795\" data-end=\"869\"><strong data-start=\"795\" data-end=\"818\">Tissu moyen-lourd<\/strong> : 275 g\/m\u00b2 pour chaleur et durabilit\u00e9<\/p>\n<\/li>\n<li data-start=\"870\" data-end=\"944\">\n<p data-start=\"872\" data-end=\"944\"><strong data-start=\"872\" data-end=\"892\">Fermeture \u00e9clair YKK en m\u00e9tal<\/strong> avec ruban assorti pour une finition \u00e9l\u00e9gante<\/p>\n<\/li>\n<li data-start=\"945\" data-end=\"995\">\n<p data-start=\"947\" data-end=\"995\"><strong data-start=\"947\" data-end=\"962\">Coutures lat\u00e9rales<\/strong> pour un meilleur ajustement et structure<\/p>\n<\/li>\n<li data-start=\"996\" data-end=\"1047\">\n<p data-start=\"998\" data-end=\"1047\"><strong data-start=\"998\" data-end=\"1017\">\u00c9tiquette d\u00e9tachable<\/strong> pour un confort sans irritation<\/p>\n<\/li>\n<\/ul>\n<p data-start=\"1049\" data-end=\"1192\">Chaque achat soutient directement la mission de notre \u00e9glise, faisant de ce chandail plus qu\u2019un v\u00eatement \u2014 c\u2019est une affirmation de foi et de sens.<\/p>\n","protected":false},"excerpt":{"rendered":"<p data-start=\"149\" data-end=\"326\">Restez au chaud, confortable et \u00e9coresponsable tout en repr\u00e9sentant votre foi. Ce hoodie \u00e0 fermeture \u00e9clair pour hommes avec le logo de notre \u00e9glise est le parfait m\u00e9lange de style, durabilit\u00e9 et engagement.<\/p>\n","protected":false},"featured_media":7501,"template":"","meta":[],"product_brand":[],"product_cat":[44,27,50],"product_tag":[],"class_list":{"0":"post-7244","1":"product","2":"type-product","3":"status-publish","4":"has-post-thumbnail","6":"product_cat-chandails-a-capuche-pulls","7":"product_cat-hommes","8":"product_cat-vetements","10":"first","11":"instock","12":"shipping-taxable","13":"purchasable","14":"product-type-simple"},"_links":{"self":[{"href":"https:\/\/allchurchmerch.com\/acvmontreal\/wp-json\/wp\/v2\/product\/7244","targetHints":{"allow":["GET"]}}],"collection":[{"href":"https:\/\/allchurchmerch.com\/acvmontreal\/wp-json\/wp\/v2\/product"}],"about":[{"href":"https:\/\/allchurchmerch.com\/acvmontreal\/wp-json\/wp\/v2\/types\/product"}],"wp:featuredmedia":[{"embeddable":true,"href":"https:\/\/allchurchmerch.com\/acvmontreal\/wp-json\/wp\/v2\/media\/7501"}],"wp:attachment":[{"href":"https:\/\/allchurchmerch.com\/acvmontreal\/wp-json\/wp\/v2\/media?parent=7244"}],"wp:term":[{"taxonomy":"product_brand","embeddable":true,"href":"https:\/\/allchurchmerch.com\/acvmontreal\/wp-json\/wp\/v2\/product_brand?post=7244"},{"taxonomy":"product_cat","embeddable":true,"href":"https:\/\/allchurchmerch.com\/acvmontreal\/wp-json\/wp\/v2\/product_cat?post=7244"},{"taxonomy":"product_tag","embeddable":true,"href":"https:\/\/allchurchmerch.com\/acvmontreal\/wp-json\/wp\/v2\/product_tag?post=7244"}],"curies":[{"name":"wp","href":"https:\/\/api.w.org\/{rel}","templated":true}]}}