{"id":7239,"date":"2025-09-06T00:02:57","date_gmt":"2025-09-06T00:02:57","guid":{"rendered":"https:\/\/allchurchmerch.com\/acvmontreal\/?post_type=product&#038;p=7239"},"modified":"2025-12-10T02:11:54","modified_gmt":"2025-12-10T07:11:54","slug":"unisex-sweatshirt","status":"publish","type":"product","link":"https:\/\/allchurchmerch.com\/acvmontreal\/produit\/unisex-sweatshirt\/","title":{"rendered":"Pull unisexe"},"content":{"rendered":"<p data-start=\"304\" data-end=\"513\">Repr\u00e9sentez votre minist\u00e8re avec confort et style gr\u00e2ce \u00e0 notre chandail unisexe personnalis\u00e9. Con\u00e7u avec le logo de notre \u00e9glise, il est parfait pour les journ\u00e9es plus fra\u00eeches, les sorties d\u00e9contract\u00e9es ou simplement pour se d\u00e9tendre tout en gardant votre foi proche.<\/p>\n<p data-start=\"515\" data-end=\"538\"><strong data-start=\"515\" data-end=\"536\">Caract\u00e9ristiques du produit :<\/strong><\/p>\n<ul data-start=\"539\" data-end=\"867\">\n<li data-start=\"539\" data-end=\"618\">\n<p data-start=\"541\" data-end=\"618\"><strong data-start=\"541\" data-end=\"570\">80 % coton, 20 % polyester<\/strong> (la composition peut varier selon les couleurs)<\/p>\n<\/li>\n<li data-start=\"619\" data-end=\"695\">\n<p data-start=\"621\" data-end=\"695\"><strong data-start=\"621\" data-end=\"644\">Tissu moyen-lourd<\/strong> : 280 g\/m\u00b2 pour chaleur et durabilit\u00e9<\/p>\n<\/li>\n<li data-start=\"696\" data-end=\"760\">\n<p data-start=\"698\" data-end=\"760\"><strong data-start=\"698\" data-end=\"713\">Coupe styl\u00e9e<\/strong> : con\u00e7ue pour le confort et un look moderne<\/p>\n<\/li>\n<li data-start=\"761\" data-end=\"809\">\n<p data-start=\"763\" data-end=\"809\"><strong data-start=\"763\" data-end=\"782\">\u00c9tiquette d\u00e9tachable<\/strong> : confort sans irritation<\/p>\n<\/li>\n<li data-start=\"810\" data-end=\"867\">\n<p data-start=\"812\" data-end=\"867\"><strong data-start=\"812\" data-end=\"833\">Taille fid\u00e8le<\/strong> : ajustement fiable pour hommes et femmes<\/p>\n<\/li>\n<\/ul>\n<p data-start=\"869\" data-end=\"974\">Chaque achat contribue \u00e0 diffuser le message de foi tout en soutenant la mission et la croissance de notre \u00e9glise.<\/p>\n","protected":false},"excerpt":{"rendered":"<p>Restez au chaud, confortable et connect\u00e9 \u00e0 votre foi. Ce pull unisexe avec le logo de notre \u00e9glise est une fa\u00e7on douillette de montrer votre soutien.<\/p>\n","protected":false},"featured_media":7502,"template":"","meta":[],"product_brand":[],"product_cat":[40,27,56,57,50],"product_tag":[],"class_list":{"0":"post-7239","1":"product","2":"type-product","3":"status-publish","4":"has-post-thumbnail","6":"product_cat-femmes","7":"product_cat-hommes","8":"product_cat-pulls","9":"product_cat-pulls-femmes","10":"product_cat-vetements","12":"first","13":"instock","14":"shipping-taxable","15":"purchasable","16":"product-type-simple"},"_links":{"self":[{"href":"https:\/\/allchurchmerch.com\/acvmontreal\/wp-json\/wp\/v2\/product\/7239","targetHints":{"allow":["GET"]}}],"collection":[{"href":"https:\/\/allchurchmerch.com\/acvmontreal\/wp-json\/wp\/v2\/product"}],"about":[{"href":"https:\/\/allchurchmerch.com\/acvmontreal\/wp-json\/wp\/v2\/types\/product"}],"wp:featuredmedia":[{"embeddable":true,"href":"https:\/\/allchurchmerch.com\/acvmontreal\/wp-json\/wp\/v2\/media\/7502"}],"wp:attachment":[{"href":"https:\/\/allchurchmerch.com\/acvmontreal\/wp-json\/wp\/v2\/media?parent=7239"}],"wp:term":[{"taxonomy":"product_brand","embeddable":true,"href":"https:\/\/allchurchmerch.com\/acvmontreal\/wp-json\/wp\/v2\/product_brand?post=7239"},{"taxonomy":"product_cat","embeddable":true,"href":"https:\/\/allchurchmerch.com\/acvmontreal\/wp-json\/wp\/v2\/product_cat?post=7239"},{"taxonomy":"product_tag","embeddable":true,"href":"https:\/\/allchurchmerch.com\/acvmontreal\/wp-json\/wp\/v2\/product_tag?post=7239"}],"curies":[{"name":"wp","href":"https:\/\/api.w.org\/{rel}","templated":true}]}}