{"id":7236,"date":"2025-09-05T23:53:54","date_gmt":"2025-09-05T23:53:54","guid":{"rendered":"https:\/\/allchurchmerch.com\/acvmontreal\/?post_type=product&#038;p=7236"},"modified":"2025-12-10T02:13:35","modified_gmt":"2025-12-10T07:13:35","slug":"unisex-cotton-ringer-t-shirt","status":"publish","type":"product","link":"https:\/\/allchurchmerch.com\/acvmontreal\/produit\/unisex-cotton-ringer-t-shirt\/","title":{"rendered":"T-shirt unisexe en coton \u00e0 bordures contrastantes"},"content":{"rendered":"<p data-start=\"393\" data-end=\"656\">Affichez votre foi avec fiert\u00e9 gr\u00e2ce \u00e0 notre t-shirt unisexe en coton \u00e0 bordures contrastantes, con\u00e7u avec le logo de notre \u00e9glise pour un look audacieux et intemporel. Chaque achat soutient directement la mission de notre \u00e9glise tout en vous offrant un t-shirt confortable, styl\u00e9 et durable.<\/p>\n<p data-start=\"658\" data-end=\"681\"><strong data-start=\"658\" data-end=\"679\">Caract\u00e9ristiques du produit :<\/strong><\/p>\n<ul data-start=\"682\" data-end=\"939\">\n<li data-start=\"682\" data-end=\"765\">\n<p data-start=\"684\" data-end=\"765\"><strong data-start=\"684\" data-end=\"717\">100 % coton peign\u00e9 fil\u00e9 \u00e0 l\u2019anneau<\/strong> (la composition peut varier selon les couleurs)<\/p>\n<\/li>\n<li data-start=\"766\" data-end=\"838\">\n<p data-start=\"768\" data-end=\"838\"><strong data-start=\"768\" data-end=\"790\">Tissu l\u00e9ger<\/strong> : 146 g\/m\u00b2 pour un confort respirant<\/p>\n<\/li>\n<li data-start=\"839\" data-end=\"887\">\n<p data-start=\"841\" data-end=\"887\"><strong data-start=\"841\" data-end=\"856\">Coupe classique<\/strong> : polyvalente pour un usage quotidien<\/p>\n<\/li>\n<li data-start=\"888\" data-end=\"939\">\n<p data-start=\"890\" data-end=\"939\"><strong data-start=\"890\" data-end=\"909\">\u00c9tiquette d\u00e9tachable<\/strong> : douce et sans irritation<\/p>\n<\/li>\n<\/ul>\n<p data-start=\"941\" data-end=\"1038\">Un moyen simple de partager votre foi, de rester confortable et de soutenir votre minist\u00e8re en m\u00eame temps.<\/p>\n","protected":false},"excerpt":{"rendered":"<p data-start=\"141\" data-end=\"289\">Affichez votre foi avec style. Ce t-shirt unisexe en coton avec liser\u00e9, arborant le logo de notre \u00e9glise, est doux, durable et constitue un excellent moyen de soutenir notre minist\u00e8re.<\/p>\n","protected":false},"featured_media":7497,"template":"","meta":[],"product_brand":[],"product_cat":[40,27,39,61,50],"product_tag":[],"class_list":{"0":"post-7236","1":"product","2":"type-product","3":"status-publish","4":"has-post-thumbnail","6":"product_cat-femmes","7":"product_cat-hommes","8":"product_cat-t-shirts","9":"product_cat-t-shirts-femmes","10":"product_cat-vetements","12":"first","13":"instock","14":"shipping-taxable","15":"purchasable","16":"product-type-simple"},"_links":{"self":[{"href":"https:\/\/allchurchmerch.com\/acvmontreal\/wp-json\/wp\/v2\/product\/7236","targetHints":{"allow":["GET"]}}],"collection":[{"href":"https:\/\/allchurchmerch.com\/acvmontreal\/wp-json\/wp\/v2\/product"}],"about":[{"href":"https:\/\/allchurchmerch.com\/acvmontreal\/wp-json\/wp\/v2\/types\/product"}],"wp:featuredmedia":[{"embeddable":true,"href":"https:\/\/allchurchmerch.com\/acvmontreal\/wp-json\/wp\/v2\/media\/7497"}],"wp:attachment":[{"href":"https:\/\/allchurchmerch.com\/acvmontreal\/wp-json\/wp\/v2\/media?parent=7236"}],"wp:term":[{"taxonomy":"product_brand","embeddable":true,"href":"https:\/\/allchurchmerch.com\/acvmontreal\/wp-json\/wp\/v2\/product_brand?post=7236"},{"taxonomy":"product_cat","embeddable":true,"href":"https:\/\/allchurchmerch.com\/acvmontreal\/wp-json\/wp\/v2\/product_cat?post=7236"},{"taxonomy":"product_tag","embeddable":true,"href":"https:\/\/allchurchmerch.com\/acvmontreal\/wp-json\/wp\/v2\/product_tag?post=7236"}],"curies":[{"name":"wp","href":"https:\/\/api.w.org\/{rel}","templated":true}]}}